{"id":55,"date":"2023-06-15T10:41:40","date_gmt":"2023-06-15T08:41:40","guid":{"rendered":"https:\/\/bigagency.sk\/?page_id=55"},"modified":"2023-06-19T16:05:39","modified_gmt":"2023-06-19T14:05:39","slug":"promotion","status":"publish","type":"page","link":"https:\/\/bigagency.sk\/en\/promotion\/","title":{"rendered":"Promotion"},"content":{"rendered":"<div data-elementor-type=\"wp-page\" data-elementor-id=\"55\" class=\"elementor elementor-55\">\n\t\t\t\t\t\t\t\t\t<section class=\"elementor-section elementor-top-section elementor-element elementor-element-5be24c0 elementor-section-content-middle serviceColoredItem elementor-section-boxed elementor-section-height-default elementor-section-height-default\" data-id=\"5be24c0\" data-element_type=\"section\">\n\t\t\t\t\t\t<div class=\"elementor-container elementor-column-gap-default\">\n\t\t\t\t\t<div class=\"elementor-column elementor-col-50 elementor-top-column elementor-element elementor-element-ef544b9 left\" data-id=\"ef544b9\" data-element_type=\"column\" data-settings=\"{&quot;background_background&quot;:&quot;classic&quot;}\">\n\t\t\t<div class=\"elementor-widget-wrap elementor-element-populated\">\n\t\t\t\t\t\t\t\t<section class=\"elementor-section elementor-inner-section elementor-element elementor-element-514e07c right serviceItemColor elementor-section-boxed elementor-section-height-default elementor-section-height-default\" data-id=\"514e07c\" data-element_type=\"section\" data-settings=\"{&quot;background_background&quot;:&quot;classic&quot;}\">\n\t\t\t\t\t\t<div class=\"elementor-container elementor-column-gap-default\">\n\t\t\t\t\t<div class=\"elementor-column elementor-col-100 elementor-inner-column elementor-element elementor-element-680949a\" data-id=\"680949a\" data-element_type=\"column\">\n\t\t\t<div class=\"elementor-widget-wrap\">\n\t\t\t\t\t\t\t\t\t<\/div>\n\t\t<\/div>\n\t\t\t\t\t\t\t<\/div>\n\t\t<\/section>\n\t\t\t\t\t<\/div>\n\t\t<\/div>\n\t\t\t\t<div class=\"elementor-column elementor-col-50 elementor-top-column elementor-element elementor-element-6d724ca right\" data-id=\"6d724ca\" data-element_type=\"column\">\n\t\t\t<div class=\"elementor-widget-wrap elementor-element-populated\">\n\t\t\t\t\t\t\t\t<div class=\"elementor-element elementor-element-0240620 elementor-widget elementor-widget-heading\" data-id=\"0240620\" data-element_type=\"widget\" data-widget_type=\"heading.default\">\n\t\t\t\t<div class=\"elementor-widget-container\">\n\t\t\t<style>\/*! elementor - v3.15.0 - 20-08-2023 *\/\n.elementor-heading-title{padding:0;margin:0;line-height:1}.elementor-widget-heading .elementor-heading-title[class*=elementor-size-]>a{color:inherit;font-size:inherit;line-height:inherit}.elementor-widget-heading .elementor-heading-title.elementor-size-small{font-size:15px}.elementor-widget-heading .elementor-heading-title.elementor-size-medium{font-size:19px}.elementor-widget-heading .elementor-heading-title.elementor-size-large{font-size:29px}.elementor-widget-heading .elementor-heading-title.elementor-size-xl{font-size:39px}.elementor-widget-heading .elementor-heading-title.elementor-size-xxl{font-size:59px}<\/style><h2 class=\"elementor-heading-title elementor-size-default\">1 \/ Promotional Items - Gifts <\/h2>\t\t<\/div>\n\t\t\t\t<\/div>\n\t\t\t\t<div class=\"elementor-element elementor-element-cd62614 elementor-widget elementor-widget-text-editor\" data-id=\"cd62614\" data-element_type=\"widget\" data-widget_type=\"text-editor.default\">\n\t\t\t\t<div class=\"elementor-widget-container\">\n\t\t\t<style>\/*! elementor - v3.15.0 - 20-08-2023 *\/\n.elementor-widget-text-editor.elementor-drop-cap-view-stacked .elementor-drop-cap{background-color:#69727d;color:#fff}.elementor-widget-text-editor.elementor-drop-cap-view-framed .elementor-drop-cap{color:#69727d;border:3px solid;background-color:transparent}.elementor-widget-text-editor:not(.elementor-drop-cap-view-default) .elementor-drop-cap{margin-top:8px}.elementor-widget-text-editor:not(.elementor-drop-cap-view-default) .elementor-drop-cap-letter{width:1em;height:1em}.elementor-widget-text-editor .elementor-drop-cap{float:left;text-align:center;line-height:1;font-size:50px}.elementor-widget-text-editor .elementor-drop-cap-letter{display:inline-block}<\/style>\t\t\t\t<p>Stand out from the competition with unique promotional items that won't end up in a drawer or trash. The more original the items you give someone, the more likely they are to remember your company or event. <strong><a href=\"https:\/\/bigagency.e-present.eu\/\" target=\"_blank\" rel=\"noopener\">Visit E-shop<\/a><\/strong><\/p>\t\t\t\t\t\t<\/div>\n\t\t\t\t<\/div>\n\t\t\t\t\t<\/div>\n\t\t<\/div>\n\t\t\t\t\t\t\t<\/div>\n\t\t<\/section>\n\t\t\t\t<section class=\"elementor-section elementor-top-section elementor-element elementor-element-bdbca1c elementor-section-content-middle serviceColoredItem elementor-section-boxed elementor-section-height-default elementor-section-height-default\" data-id=\"bdbca1c\" data-element_type=\"section\">\n\t\t\t\t\t\t<div class=\"elementor-container elementor-column-gap-default\">\n\t\t\t\t\t<div class=\"elementor-column elementor-col-50 elementor-top-column elementor-element elementor-element-1e1d549 left\" data-id=\"1e1d549\" data-element_type=\"column\" data-settings=\"{&quot;background_background&quot;:&quot;classic&quot;}\">\n\t\t\t<div class=\"elementor-widget-wrap elementor-element-populated\">\n\t\t\t\t\t\t\t\t<section class=\"elementor-section elementor-inner-section elementor-element elementor-element-a09b8c0 left serviceItemColor elementor-section-boxed elementor-section-height-default elementor-section-height-default\" data-id=\"a09b8c0\" data-element_type=\"section\" data-settings=\"{&quot;background_background&quot;:&quot;classic&quot;}\">\n\t\t\t\t\t\t<div class=\"elementor-container elementor-column-gap-default\">\n\t\t\t\t\t<div class=\"elementor-column elementor-col-100 elementor-inner-column elementor-element elementor-element-065cd57\" data-id=\"065cd57\" data-element_type=\"column\">\n\t\t\t<div class=\"elementor-widget-wrap\">\n\t\t\t\t\t\t\t\t\t<\/div>\n\t\t<\/div>\n\t\t\t\t\t\t\t<\/div>\n\t\t<\/section>\n\t\t\t\t\t<\/div>\n\t\t<\/div>\n\t\t\t\t<div class=\"elementor-column elementor-col-50 elementor-top-column elementor-element elementor-element-41faafc right\" data-id=\"41faafc\" data-element_type=\"column\">\n\t\t\t<div class=\"elementor-widget-wrap elementor-element-populated\">\n\t\t\t\t\t\t\t\t<div class=\"elementor-element elementor-element-3a55a4f elementor-widget elementor-widget-heading\" data-id=\"3a55a4f\" data-element_type=\"widget\" data-widget_type=\"heading.default\">\n\t\t\t\t<div class=\"elementor-widget-container\">\n\t\t\t<h2 class=\"elementor-heading-title elementor-size-default\">2 \/ POP - DESIGN - PRODUCTIONS COMMUNICATION-SALES PRODUCTS AND SERVICES<\/h2>\t\t<\/div>\n\t\t\t\t<\/div>\n\t\t\t\t<div class=\"elementor-element elementor-element-fe64210 elementor-widget elementor-widget-text-editor\" data-id=\"fe64210\" data-element_type=\"widget\" data-widget_type=\"text-editor.default\">\n\t\t\t\t<div class=\"elementor-widget-container\">\n\t\t\t\t\t\t\tZvidite\u013enite va\u0161u akciu, upriamte pozornos\u0165 na zna\u010dku, firmu \u010di produkt a zlep\u0161ite ich zapam\u00e4tate\u013enos\u0165. POP materi\u00e1ly s\u00fa neodmyslite\u013enou s\u00fa\u010das\u0165ou podpory predaja, preto spolo\u010dne zhmotn\u00edne va\u0161e predstavy do konkr\u00e9tnych nosi\u010dov.\t\t\t\t\t\t<\/div>\n\t\t\t\t<\/div>\n\t\t\t\t\t<\/div>\n\t\t<\/div>\n\t\t\t\t\t\t\t<\/div>\n\t\t<\/section>\n\t\t\t\t<section class=\"elementor-section elementor-top-section elementor-element elementor-element-5565bb7 elementor-section-content-middle serviceColoredItem elementor-section-boxed elementor-section-height-default elementor-section-height-default\" data-id=\"5565bb7\" data-element_type=\"section\">\n\t\t\t\t\t\t<div class=\"elementor-container elementor-column-gap-default\">\n\t\t\t\t\t<div class=\"elementor-column elementor-col-50 elementor-top-column elementor-element elementor-element-c8066f4 left\" data-id=\"c8066f4\" data-element_type=\"column\" data-settings=\"{&quot;background_background&quot;:&quot;classic&quot;}\">\n\t\t\t<div class=\"elementor-widget-wrap\">\n\t\t\t\t\t\t\t\t\t<\/div>\n\t\t<\/div>\n\t\t\t\t<div class=\"elementor-column elementor-col-50 elementor-top-column elementor-element elementor-element-44077a8 right\" data-id=\"44077a8\" data-element_type=\"column\">\n\t\t\t<div class=\"elementor-widget-wrap elementor-element-populated\">\n\t\t\t\t\t\t\t\t<div class=\"elementor-element elementor-element-78e2011 elementor-widget elementor-widget-heading\" data-id=\"78e2011\" data-element_type=\"widget\" data-widget_type=\"heading.default\">\n\t\t\t\t<div class=\"elementor-widget-container\">\n\t\t\t<h2 class=\"elementor-heading-title elementor-size-default\">3 \/ Promotional Textiles<\/h2>\t\t<\/div>\n\t\t\t\t<\/div>\n\t\t\t\t<div class=\"elementor-element elementor-element-c7f8a9f elementor-widget elementor-widget-text-editor\" data-id=\"c7f8a9f\" data-element_type=\"widget\" data-widget_type=\"text-editor.default\">\n\t\t\t\t<div class=\"elementor-widget-container\">\n\t\t\t\t\t\t\t<p>Surprise your partners or clients with a wide range of comfortable clothing featuring your logo or custom branding. Suitable as gifts, tokens of appreciation, or team building both in and outside the workplace. <a href=\"https:\/\/bigagency.e-present.eu\/\"><strong>Visit E-shop<\/strong><\/a>.<\/p>\t\t\t\t\t\t<\/div>\n\t\t\t\t<\/div>\n\t\t\t\t\t<\/div>\n\t\t<\/div>\n\t\t\t\t\t\t\t<\/div>\n\t\t<\/section>\n\t\t\t\t<section class=\"elementor-section elementor-top-section elementor-element elementor-element-5b3709c elementor-section-boxed elementor-section-height-default elementor-section-height-default\" data-id=\"5b3709c\" data-element_type=\"section\">\n\t\t\t\t\t\t<div class=\"elementor-container elementor-column-gap-default\">\n\t\t\t\t\t<div class=\"elementor-column elementor-col-100 elementor-top-column elementor-element elementor-element-d7df684\" data-id=\"d7df684\" data-element_type=\"column\">\n\t\t\t<div class=\"elementor-widget-wrap elementor-element-populated\">\n\t\t\t\t\t\t\t\t<div class=\"elementor-element elementor-element-39c6f16 elementor-widget elementor-widget-heading\" data-id=\"39c6f16\" data-element_type=\"widget\" data-widget_type=\"heading.default\">\n\t\t\t\t<div class=\"elementor-widget-container\">\n\t\t\t<h2 class=\"elementor-heading-title elementor-size-default\">INTERESTED IN OUR SERVICES?<\/h2>\t\t<\/div>\n\t\t\t\t<\/div>\n\t\t\t\t<div class=\"elementor-element elementor-element-6e7a570 elementor-align-center elementor-widget elementor-widget-button\" data-id=\"6e7a570\" data-element_type=\"widget\" data-widget_type=\"button.default\">\n\t\t\t\t<div class=\"elementor-widget-container\">\n\t\t\t\t\t<div class=\"elementor-button-wrapper\">\n\t\t\t<a class=\"elementor-button elementor-button-link elementor-size-lg\" href=\"https:\/\/bigagency.sk\/en\/kontakt\/\">\n\t\t\t\t\t\t<span class=\"elementor-button-content-wrapper\">\n\t\t\t\t\t\t<span class=\"elementor-button-text\">Contact us<\/span>\n\t\t<\/span>\n\t\t\t\t\t<\/a>\n\t\t<\/div>\n\t\t\t\t<\/div>\n\t\t\t\t<\/div>\n\t\t\t\t\t<\/div>\n\t\t<\/div>\n\t\t\t\t\t\t\t<\/div>\n\t\t<\/section>\n\t\t\t\t\t\t\t<\/div>","protected":false},"excerpt":{"rendered":"<p>1 \/ Reklamn\u00e9 predmety Odl\u00ed\u0161te sa od konkurencie v\u010faka jedine\u010dn\u00fdm reklamn\u00fdm predmetom, ktor\u00e9 neskon\u010dia v z\u00e1suvke alebo v ko\u0161i. \u010c\u00edm origin\u00e1lnej\u0161ie predmety niekomu darujete, t\u00fdm pravdepodobnej\u0161ie si va\u0161u firmu \u010di event zapam\u00e4t\u00e1. Prejs\u0165 na eshop 2 \/ POP \u2013 DESIGN \u2013 PRODUCTIONS KOMUNIKA\u010cNO-PREDAJN\u00c9 PRODUKTY A SLU\u017dBY Zvidite\u013enite va\u0161u akciu, upriamte pozornos\u0165 na zna\u010dku, firmu \u010di [&hellip;]<\/p>","protected":false},"author":1,"featured_media":0,"parent":0,"menu_order":0,"comment_status":"closed","ping_status":"closed","template":"","meta":{"footnotes":""},"class_list":["post-55","page","type-page","status-publish","hentry"],"yoast_head":"<!-- This site is optimized with the Yoast SEO plugin v22.2 - https:\/\/yoast.com\/wordpress\/plugins\/seo\/ -->\n<title>Promotion - Big Agency<\/title>\n<meta name=\"robots\" content=\"index, follow, max-snippet:-1, max-image-preview:large, max-video-preview:-1\" \/>\n<link rel=\"canonical\" href=\"https:\/\/bigagency.sk\/en\/promotion\/\" \/>\n<meta property=\"og:locale\" content=\"en_GB\" \/>\n<meta property=\"og:type\" content=\"article\" \/>\n<meta property=\"og:title\" content=\"Promotion - Big Agency\" \/>\n<meta property=\"og:description\" content=\"1 \/ Reklamn\u00e9 predmety Odl\u00ed\u0161te sa od konkurencie v\u010faka jedine\u010dn\u00fdm reklamn\u00fdm predmetom, ktor\u00e9 neskon\u010dia v z\u00e1suvke alebo v ko\u0161i. \u010c\u00edm origin\u00e1lnej\u0161ie predmety niekomu darujete, t\u00fdm pravdepodobnej\u0161ie si va\u0161u firmu \u010di event zapam\u00e4t\u00e1. Prejs\u0165 na eshop 2 \/ POP \u2013 DESIGN \u2013 PRODUCTIONS KOMUNIKA\u010cNO-PREDAJN\u00c9 PRODUKTY A SLU\u017dBY Zvidite\u013enite va\u0161u akciu, upriamte pozornos\u0165 na zna\u010dku, firmu \u010di [&hellip;]\" \/>\n<meta property=\"og:url\" content=\"https:\/\/bigagency.sk\/en\/promotion\/\" \/>\n<meta property=\"og:site_name\" content=\"Big Agency\" \/>\n<meta property=\"article:modified_time\" content=\"2023-06-19T14:05:39+00:00\" \/>\n<meta name=\"twitter:card\" content=\"summary_large_image\" \/>\n<meta name=\"twitter:label1\" content=\"Estimated reading time\" \/>\n\t<meta name=\"twitter:data1\" content=\"1 minute\" \/>\n<script type=\"application\/ld+json\" class=\"yoast-schema-graph\">{\"@context\":\"https:\/\/schema.org\",\"@graph\":[{\"@type\":\"WebPage\",\"@id\":\"https:\/\/bigagency.sk\/promotion\/\",\"url\":\"https:\/\/bigagency.sk\/promotion\/\",\"name\":\"Promotion - Big Agency\",\"isPartOf\":{\"@id\":\"https:\/\/bigagency.sk\/#website\"},\"datePublished\":\"2023-06-15T08:41:40+00:00\",\"dateModified\":\"2023-06-19T14:05:39+00:00\",\"breadcrumb\":{\"@id\":\"https:\/\/bigagency.sk\/promotion\/#breadcrumb\"},\"inLanguage\":\"en-GB\",\"potentialAction\":[{\"@type\":\"ReadAction\",\"target\":[\"https:\/\/bigagency.sk\/promotion\/\"]}]},{\"@type\":\"BreadcrumbList\",\"@id\":\"https:\/\/bigagency.sk\/promotion\/#breadcrumb\",\"itemListElement\":[{\"@type\":\"ListItem\",\"position\":1,\"name\":\"Domovsk\u00e1 str\u00e1nka\",\"item\":\"https:\/\/bigagency.sk\/\"},{\"@type\":\"ListItem\",\"position\":2,\"name\":\"Promotion\"}]},{\"@type\":\"WebSite\",\"@id\":\"https:\/\/bigagency.sk\/#website\",\"url\":\"https:\/\/bigagency.sk\/\",\"name\":\"Big Agency\",\"description\":\"We make big ideas happen\",\"publisher\":{\"@id\":\"https:\/\/bigagency.sk\/#organization\"},\"potentialAction\":[{\"@type\":\"SearchAction\",\"target\":{\"@type\":\"EntryPoint\",\"urlTemplate\":\"https:\/\/bigagency.sk\/?s={search_term_string}\"},\"query-input\":\"required name=search_term_string\"}],\"inLanguage\":\"en-GB\"},{\"@type\":\"Organization\",\"@id\":\"https:\/\/bigagency.sk\/#organization\",\"name\":\"Big Agency\",\"url\":\"https:\/\/bigagency.sk\/\",\"logo\":{\"@type\":\"ImageObject\",\"inLanguage\":\"en-GB\",\"@id\":\"https:\/\/bigagency.sk\/#\/schema\/logo\/image\/\",\"url\":\"https:\/\/bigagency.sk\/wp-content\/uploads\/2023\/06\/logo-dark.png\",\"contentUrl\":\"https:\/\/bigagency.sk\/wp-content\/uploads\/2023\/06\/logo-dark.png\",\"width\":600,\"height\":102,\"caption\":\"Big Agency\"},\"image\":{\"@id\":\"https:\/\/bigagency.sk\/#\/schema\/logo\/image\/\"}}]}<\/script>\n<!-- \/ Yoast SEO plugin. -->","yoast_head_json":{"title":"Promotion - Big Agency","robots":{"index":"index","follow":"follow","max-snippet":"max-snippet:-1","max-image-preview":"max-image-preview:large","max-video-preview":"max-video-preview:-1"},"canonical":"https:\/\/bigagency.sk\/en\/promotion\/","og_locale":"en_GB","og_type":"article","og_title":"Promotion - Big Agency","og_description":"1 \/ Reklamn\u00e9 predmety Odl\u00ed\u0161te sa od konkurencie v\u010faka jedine\u010dn\u00fdm reklamn\u00fdm predmetom, ktor\u00e9 neskon\u010dia v z\u00e1suvke alebo v ko\u0161i. \u010c\u00edm origin\u00e1lnej\u0161ie predmety niekomu darujete, t\u00fdm pravdepodobnej\u0161ie si va\u0161u firmu \u010di event zapam\u00e4t\u00e1. Prejs\u0165 na eshop 2 \/ POP \u2013 DESIGN \u2013 PRODUCTIONS KOMUNIKA\u010cNO-PREDAJN\u00c9 PRODUKTY A SLU\u017dBY Zvidite\u013enite va\u0161u akciu, upriamte pozornos\u0165 na zna\u010dku, firmu \u010di [&hellip;]","og_url":"https:\/\/bigagency.sk\/en\/promotion\/","og_site_name":"Big Agency","article_modified_time":"2023-06-19T14:05:39+00:00","twitter_card":"summary_large_image","twitter_misc":{"Estimated reading time":"1 minute"},"schema":{"@context":"https:\/\/schema.org","@graph":[{"@type":"WebPage","@id":"https:\/\/bigagency.sk\/promotion\/","url":"https:\/\/bigagency.sk\/promotion\/","name":"Promotion - Big Agency","isPartOf":{"@id":"https:\/\/bigagency.sk\/#website"},"datePublished":"2023-06-15T08:41:40+00:00","dateModified":"2023-06-19T14:05:39+00:00","breadcrumb":{"@id":"https:\/\/bigagency.sk\/promotion\/#breadcrumb"},"inLanguage":"en-GB","potentialAction":[{"@type":"ReadAction","target":["https:\/\/bigagency.sk\/promotion\/"]}]},{"@type":"BreadcrumbList","@id":"https:\/\/bigagency.sk\/promotion\/#breadcrumb","itemListElement":[{"@type":"ListItem","position":1,"name":"Domovsk\u00e1 str\u00e1nka","item":"https:\/\/bigagency.sk\/"},{"@type":"ListItem","position":2,"name":"Promotion"}]},{"@type":"WebSite","@id":"https:\/\/bigagency.sk\/#website","url":"https:\/\/bigagency.sk\/","name":"Big Agency","description":"We make big ideas happen","publisher":{"@id":"https:\/\/bigagency.sk\/#organization"},"potentialAction":[{"@type":"SearchAction","target":{"@type":"EntryPoint","urlTemplate":"https:\/\/bigagency.sk\/?s={search_term_string}"},"query-input":"required name=search_term_string"}],"inLanguage":"en-GB"},{"@type":"Organization","@id":"https:\/\/bigagency.sk\/#organization","name":"Big Agency","url":"https:\/\/bigagency.sk\/","logo":{"@type":"ImageObject","inLanguage":"en-GB","@id":"https:\/\/bigagency.sk\/#\/schema\/logo\/image\/","url":"https:\/\/bigagency.sk\/wp-content\/uploads\/2023\/06\/logo-dark.png","contentUrl":"https:\/\/bigagency.sk\/wp-content\/uploads\/2023\/06\/logo-dark.png","width":600,"height":102,"caption":"Big Agency"},"image":{"@id":"https:\/\/bigagency.sk\/#\/schema\/logo\/image\/"}}]}},"_links":{"self":[{"href":"https:\/\/bigagency.sk\/en\/wp-json\/wp\/v2\/pages\/55","targetHints":{"allow":["GET"]}}],"collection":[{"href":"https:\/\/bigagency.sk\/en\/wp-json\/wp\/v2\/pages"}],"about":[{"href":"https:\/\/bigagency.sk\/en\/wp-json\/wp\/v2\/types\/page"}],"author":[{"embeddable":true,"href":"https:\/\/bigagency.sk\/en\/wp-json\/wp\/v2\/users\/1"}],"replies":[{"embeddable":true,"href":"https:\/\/bigagency.sk\/en\/wp-json\/wp\/v2\/comments?post=55"}],"version-history":[{"count":28,"href":"https:\/\/bigagency.sk\/en\/wp-json\/wp\/v2\/pages\/55\/revisions"}],"predecessor-version":[{"id":345,"href":"https:\/\/bigagency.sk\/en\/wp-json\/wp\/v2\/pages\/55\/revisions\/345"}],"wp:attachment":[{"href":"https:\/\/bigagency.sk\/en\/wp-json\/wp\/v2\/media?parent=55"}],"curies":[{"name":"wp","href":"https:\/\/api.w.org\/{rel}","templated":true}]}}